{"id":503,"date":"2024-07-19T09:13:16","date_gmt":"2024-07-19T07:13:16","guid":{"rendered":"https:\/\/telemon.care\/home\/"},"modified":"2026-01-29T20:46:01","modified_gmt":"2026-01-29T19:46:01","slug":"home","status":"publish","type":"page","link":"https:\/\/telemon.care\/cs\/","title":{"rendered":"Domov"},"content":{"rendered":"","protected":false},"excerpt":{"rendered":"","protected":false},"author":1,"featured_media":0,"parent":0,"menu_order":0,"comment_status":"closed","ping_status":"closed","template":"index.php","meta":{"_acf_changed":false,"footnotes":""},"class_list":["post-503","page","type-page","status-publish","hentry"],"acf":[],"yoast_head":"<!-- This site is optimized with the Yoast SEO plugin v27.4 - https:\/\/yoast.com\/product\/yoast-seo-wordpress\/ -->\n<title>Lep\u0161\u00ed monitorov\u00e1n\u00ed,lep\u0161\u00ed zdrav\u00ed - Telemon<\/title>\n<meta name=\"description\" content=\"Telemon je univerz\u00e1ln\u00ed \u0159e\u0161en\u00ed pro vzd\u00e1len\u00e9 monitorov\u00e1n\u00ed pacient\u016f. D\u00edky monitorov\u00e1n\u00ed v re\u00e1ln\u00e9m \u010dase umo\u017e\u0148uje Telemon pacient\u016fm a poskytovatel\u016fm zdravotn\u00ed p\u00e9\u010de dosahovat lep\u0161\u00edch zdravotn\u00edch v\u00fdsledk\u016f\" \/>\n<meta name=\"robots\" content=\"index, follow, max-snippet:-1, max-image-preview:large, max-video-preview:-1\" \/>\n<link rel=\"canonical\" href=\"https:\/\/telemon.care\/cs\/\" \/>\n<meta property=\"og:locale\" content=\"cs_CZ\" \/>\n<meta property=\"og:type\" content=\"article\" \/>\n<meta property=\"og:title\" content=\"Lep\u0161\u00ed monitorov\u00e1n\u00ed,lep\u0161\u00ed zdrav\u00ed - Telemon\" \/>\n<meta property=\"og:description\" content=\"Telemon je univerz\u00e1ln\u00ed \u0159e\u0161en\u00ed pro vzd\u00e1len\u00e9 monitorov\u00e1n\u00ed pacient\u016f. D\u00edky monitorov\u00e1n\u00ed v re\u00e1ln\u00e9m \u010dase umo\u017e\u0148uje Telemon pacient\u016fm a poskytovatel\u016fm zdravotn\u00ed p\u00e9\u010de dosahovat lep\u0161\u00edch zdravotn\u00edch v\u00fdsledk\u016f\" \/>\n<meta property=\"og:url\" content=\"https:\/\/telemon.care\/cs\/\" \/>\n<meta property=\"og:site_name\" content=\"Telemon\" \/>\n<meta property=\"article:modified_time\" content=\"2026-01-29T19:46:01+00:00\" \/>\n<meta name=\"twitter:card\" content=\"summary_large_image\" \/>\n<script type=\"application\/ld+json\" class=\"yoast-schema-graph\">{\"@context\":\"https:\\\/\\\/schema.org\",\"@graph\":[{\"@type\":\"WebPage\",\"@id\":\"https:\\\/\\\/telemon.care\\\/cs\\\/\",\"url\":\"https:\\\/\\\/telemon.care\\\/cs\\\/\",\"name\":\"Lep\u0161\u00ed monitorov\u00e1n\u00ed,lep\u0161\u00ed zdrav\u00ed - Telemon\",\"isPartOf\":{\"@id\":\"https:\\\/\\\/telemon.care\\\/cs\\\/#website\"},\"datePublished\":\"2024-07-19T07:13:16+00:00\",\"dateModified\":\"2026-01-29T19:46:01+00:00\",\"description\":\"Telemon je univerz\u00e1ln\u00ed \u0159e\u0161en\u00ed pro vzd\u00e1len\u00e9 monitorov\u00e1n\u00ed pacient\u016f. D\u00edky monitorov\u00e1n\u00ed v re\u00e1ln\u00e9m \u010dase umo\u017e\u0148uje Telemon pacient\u016fm a poskytovatel\u016fm zdravotn\u00ed p\u00e9\u010de dosahovat lep\u0161\u00edch zdravotn\u00edch v\u00fdsledk\u016f\",\"breadcrumb\":{\"@id\":\"https:\\\/\\\/telemon.care\\\/cs\\\/#breadcrumb\"},\"inLanguage\":\"cs\",\"potentialAction\":[{\"@type\":\"ReadAction\",\"target\":[\"https:\\\/\\\/telemon.care\\\/cs\\\/\"]}]},{\"@type\":\"BreadcrumbList\",\"@id\":\"https:\\\/\\\/telemon.care\\\/cs\\\/#breadcrumb\",\"itemListElement\":[{\"@type\":\"ListItem\",\"position\":1,\"name\":\"Domovsk\u00e1 str\u00e1nka\",\"item\":\"https:\\\/\\\/telemon.care\\\/cs\\\/\"},{\"@type\":\"ListItem\",\"position\":2,\"name\":\"Domov\"}]},{\"@type\":\"WebSite\",\"@id\":\"https:\\\/\\\/telemon.care\\\/cs\\\/#website\",\"url\":\"https:\\\/\\\/telemon.care\\\/cs\\\/\",\"name\":\"Telemon\",\"description\":\"\",\"potentialAction\":[{\"@type\":\"SearchAction\",\"target\":{\"@type\":\"EntryPoint\",\"urlTemplate\":\"https:\\\/\\\/telemon.care\\\/cs\\\/?s={search_term_string}\"},\"query-input\":{\"@type\":\"PropertyValueSpecification\",\"valueRequired\":true,\"valueName\":\"search_term_string\"}}],\"inLanguage\":\"cs\"}]}<\/script>\n<!-- \/ Yoast SEO plugin. -->","yoast_head_json":{"title":"Lep\u0161\u00ed monitorov\u00e1n\u00ed,lep\u0161\u00ed zdrav\u00ed - Telemon","description":"Telemon je univerz\u00e1ln\u00ed \u0159e\u0161en\u00ed pro vzd\u00e1len\u00e9 monitorov\u00e1n\u00ed pacient\u016f. D\u00edky monitorov\u00e1n\u00ed v re\u00e1ln\u00e9m \u010dase umo\u017e\u0148uje Telemon pacient\u016fm a poskytovatel\u016fm zdravotn\u00ed p\u00e9\u010de dosahovat lep\u0161\u00edch zdravotn\u00edch v\u00fdsledk\u016f","robots":{"index":"index","follow":"follow","max-snippet":"max-snippet:-1","max-image-preview":"max-image-preview:large","max-video-preview":"max-video-preview:-1"},"canonical":"https:\/\/telemon.care\/cs\/","og_locale":"cs_CZ","og_type":"article","og_title":"Lep\u0161\u00ed monitorov\u00e1n\u00ed,lep\u0161\u00ed zdrav\u00ed - Telemon","og_description":"Telemon je univerz\u00e1ln\u00ed \u0159e\u0161en\u00ed pro vzd\u00e1len\u00e9 monitorov\u00e1n\u00ed pacient\u016f. D\u00edky monitorov\u00e1n\u00ed v re\u00e1ln\u00e9m \u010dase umo\u017e\u0148uje Telemon pacient\u016fm a poskytovatel\u016fm zdravotn\u00ed p\u00e9\u010de dosahovat lep\u0161\u00edch zdravotn\u00edch v\u00fdsledk\u016f","og_url":"https:\/\/telemon.care\/cs\/","og_site_name":"Telemon","article_modified_time":"2026-01-29T19:46:01+00:00","twitter_card":"summary_large_image","schema":{"@context":"https:\/\/schema.org","@graph":[{"@type":"WebPage","@id":"https:\/\/telemon.care\/cs\/","url":"https:\/\/telemon.care\/cs\/","name":"Lep\u0161\u00ed monitorov\u00e1n\u00ed,lep\u0161\u00ed zdrav\u00ed - Telemon","isPartOf":{"@id":"https:\/\/telemon.care\/cs\/#website"},"datePublished":"2024-07-19T07:13:16+00:00","dateModified":"2026-01-29T19:46:01+00:00","description":"Telemon je univerz\u00e1ln\u00ed \u0159e\u0161en\u00ed pro vzd\u00e1len\u00e9 monitorov\u00e1n\u00ed pacient\u016f. D\u00edky monitorov\u00e1n\u00ed v re\u00e1ln\u00e9m \u010dase umo\u017e\u0148uje Telemon pacient\u016fm a poskytovatel\u016fm zdravotn\u00ed p\u00e9\u010de dosahovat lep\u0161\u00edch zdravotn\u00edch v\u00fdsledk\u016f","breadcrumb":{"@id":"https:\/\/telemon.care\/cs\/#breadcrumb"},"inLanguage":"cs","potentialAction":[{"@type":"ReadAction","target":["https:\/\/telemon.care\/cs\/"]}]},{"@type":"BreadcrumbList","@id":"https:\/\/telemon.care\/cs\/#breadcrumb","itemListElement":[{"@type":"ListItem","position":1,"name":"Domovsk\u00e1 str\u00e1nka","item":"https:\/\/telemon.care\/cs\/"},{"@type":"ListItem","position":2,"name":"Domov"}]},{"@type":"WebSite","@id":"https:\/\/telemon.care\/cs\/#website","url":"https:\/\/telemon.care\/cs\/","name":"Telemon","description":"","potentialAction":[{"@type":"SearchAction","target":{"@type":"EntryPoint","urlTemplate":"https:\/\/telemon.care\/cs\/?s={search_term_string}"},"query-input":{"@type":"PropertyValueSpecification","valueRequired":true,"valueName":"search_term_string"}}],"inLanguage":"cs"}]}},"_links":{"self":[{"href":"https:\/\/telemon.care\/cs\/wp-json\/wp\/v2\/pages\/503","targetHints":{"allow":["GET"]}}],"collection":[{"href":"https:\/\/telemon.care\/cs\/wp-json\/wp\/v2\/pages"}],"about":[{"href":"https:\/\/telemon.care\/cs\/wp-json\/wp\/v2\/types\/page"}],"author":[{"embeddable":true,"href":"https:\/\/telemon.care\/cs\/wp-json\/wp\/v2\/users\/1"}],"replies":[{"embeddable":true,"href":"https:\/\/telemon.care\/cs\/wp-json\/wp\/v2\/comments?post=503"}],"version-history":[{"count":10,"href":"https:\/\/telemon.care\/cs\/wp-json\/wp\/v2\/pages\/503\/revisions"}],"predecessor-version":[{"id":1539,"href":"https:\/\/telemon.care\/cs\/wp-json\/wp\/v2\/pages\/503\/revisions\/1539"}],"wp:attachment":[{"href":"https:\/\/telemon.care\/cs\/wp-json\/wp\/v2\/media?parent=503"}],"curies":[{"name":"wp","href":"https:\/\/api.w.org\/{rel}","templated":true}]}}