{"id":236,"date":"2024-07-19T09:13:16","date_gmt":"2024-07-19T07:13:16","guid":{"rendered":"https:\/\/telemon.care\/home\/"},"modified":"2026-01-29T19:44:38","modified_gmt":"2026-01-29T18:44:38","slug":"home","status":"publish","type":"page","link":"https:\/\/telemon.care\/sk\/","title":{"rendered":"Domov"},"content":{"rendered":"","protected":false},"excerpt":{"rendered":"","protected":false},"author":1,"featured_media":0,"parent":0,"menu_order":0,"comment_status":"closed","ping_status":"closed","template":"index.php","meta":{"_acf_changed":false,"footnotes":""},"class_list":["post-236","page","type-page","status-publish","hentry"],"acf":[],"yoast_head":"<!-- This site is optimized with the Yoast SEO plugin v27.4 - https:\/\/yoast.com\/product\/yoast-seo-wordpress\/ -->\n<title>Lep\u0161ie monitorovanie,lep\u0161ie zdravie - Telemon<\/title>\n<meta name=\"description\" content=\"Telemon je univerz\u00e1lne rie\u0161enie pre vzdialen\u00e9 monitorovanie pacientov.\" \/>\n<meta name=\"robots\" content=\"index, follow, max-snippet:-1, max-image-preview:large, max-video-preview:-1\" \/>\n<link rel=\"canonical\" href=\"https:\/\/telemon.care\/sk\/\" \/>\n<meta property=\"og:locale\" content=\"sk_SK\" \/>\n<meta property=\"og:type\" content=\"article\" \/>\n<meta property=\"og:title\" content=\"Lep\u0161ie monitorovanie,lep\u0161ie zdravie - Telemon\" \/>\n<meta property=\"og:description\" content=\"Telemon je univerz\u00e1lne rie\u0161enie pre vzdialen\u00e9 monitorovanie pacientov.\" \/>\n<meta property=\"og:url\" content=\"https:\/\/telemon.care\/sk\/\" \/>\n<meta property=\"og:site_name\" content=\"Telemon\" \/>\n<meta property=\"article:modified_time\" content=\"2026-01-29T18:44:38+00:00\" \/>\n<meta name=\"twitter:card\" content=\"summary_large_image\" \/>\n<script type=\"application\/ld+json\" class=\"yoast-schema-graph\">{\"@context\":\"https:\\\/\\\/schema.org\",\"@graph\":[{\"@type\":\"WebPage\",\"@id\":\"https:\\\/\\\/telemon.care\\\/sk\\\/\",\"url\":\"https:\\\/\\\/telemon.care\\\/sk\\\/\",\"name\":\"Lep\u0161ie monitorovanie,lep\u0161ie zdravie - Telemon\",\"isPartOf\":{\"@id\":\"https:\\\/\\\/telemon.care\\\/sk\\\/#website\"},\"datePublished\":\"2024-07-19T07:13:16+00:00\",\"dateModified\":\"2026-01-29T18:44:38+00:00\",\"description\":\"Telemon je univerz\u00e1lne rie\u0161enie pre vzdialen\u00e9 monitorovanie pacientov.\",\"breadcrumb\":{\"@id\":\"https:\\\/\\\/telemon.care\\\/sk\\\/#breadcrumb\"},\"inLanguage\":\"sk-SK\",\"potentialAction\":[{\"@type\":\"ReadAction\",\"target\":[\"https:\\\/\\\/telemon.care\\\/sk\\\/\"]}]},{\"@type\":\"BreadcrumbList\",\"@id\":\"https:\\\/\\\/telemon.care\\\/sk\\\/#breadcrumb\",\"itemListElement\":[{\"@type\":\"ListItem\",\"position\":1,\"name\":\"Domovsk\u00e1 str\u00e1nka\",\"item\":\"https:\\\/\\\/telemon.care\\\/sk\\\/\"},{\"@type\":\"ListItem\",\"position\":2,\"name\":\"Domov\"}]},{\"@type\":\"WebSite\",\"@id\":\"https:\\\/\\\/telemon.care\\\/sk\\\/#website\",\"url\":\"https:\\\/\\\/telemon.care\\\/sk\\\/\",\"name\":\"Telemon\",\"description\":\"\",\"potentialAction\":[{\"@type\":\"SearchAction\",\"target\":{\"@type\":\"EntryPoint\",\"urlTemplate\":\"https:\\\/\\\/telemon.care\\\/sk\\\/?s={search_term_string}\"},\"query-input\":{\"@type\":\"PropertyValueSpecification\",\"valueRequired\":true,\"valueName\":\"search_term_string\"}}],\"inLanguage\":\"sk-SK\"}]}<\/script>\n<!-- \/ Yoast SEO plugin. -->","yoast_head_json":{"title":"Lep\u0161ie monitorovanie,lep\u0161ie zdravie - Telemon","description":"Telemon je univerz\u00e1lne rie\u0161enie pre vzdialen\u00e9 monitorovanie pacientov.","robots":{"index":"index","follow":"follow","max-snippet":"max-snippet:-1","max-image-preview":"max-image-preview:large","max-video-preview":"max-video-preview:-1"},"canonical":"https:\/\/telemon.care\/sk\/","og_locale":"sk_SK","og_type":"article","og_title":"Lep\u0161ie monitorovanie,lep\u0161ie zdravie - Telemon","og_description":"Telemon je univerz\u00e1lne rie\u0161enie pre vzdialen\u00e9 monitorovanie pacientov.","og_url":"https:\/\/telemon.care\/sk\/","og_site_name":"Telemon","article_modified_time":"2026-01-29T18:44:38+00:00","twitter_card":"summary_large_image","schema":{"@context":"https:\/\/schema.org","@graph":[{"@type":"WebPage","@id":"https:\/\/telemon.care\/sk\/","url":"https:\/\/telemon.care\/sk\/","name":"Lep\u0161ie monitorovanie,lep\u0161ie zdravie - Telemon","isPartOf":{"@id":"https:\/\/telemon.care\/sk\/#website"},"datePublished":"2024-07-19T07:13:16+00:00","dateModified":"2026-01-29T18:44:38+00:00","description":"Telemon je univerz\u00e1lne rie\u0161enie pre vzdialen\u00e9 monitorovanie pacientov.","breadcrumb":{"@id":"https:\/\/telemon.care\/sk\/#breadcrumb"},"inLanguage":"sk-SK","potentialAction":[{"@type":"ReadAction","target":["https:\/\/telemon.care\/sk\/"]}]},{"@type":"BreadcrumbList","@id":"https:\/\/telemon.care\/sk\/#breadcrumb","itemListElement":[{"@type":"ListItem","position":1,"name":"Domovsk\u00e1 str\u00e1nka","item":"https:\/\/telemon.care\/sk\/"},{"@type":"ListItem","position":2,"name":"Domov"}]},{"@type":"WebSite","@id":"https:\/\/telemon.care\/sk\/#website","url":"https:\/\/telemon.care\/sk\/","name":"Telemon","description":"","potentialAction":[{"@type":"SearchAction","target":{"@type":"EntryPoint","urlTemplate":"https:\/\/telemon.care\/sk\/?s={search_term_string}"},"query-input":{"@type":"PropertyValueSpecification","valueRequired":true,"valueName":"search_term_string"}}],"inLanguage":"sk-SK"}]}},"_links":{"self":[{"href":"https:\/\/telemon.care\/sk\/wp-json\/wp\/v2\/pages\/236","targetHints":{"allow":["GET"]}}],"collection":[{"href":"https:\/\/telemon.care\/sk\/wp-json\/wp\/v2\/pages"}],"about":[{"href":"https:\/\/telemon.care\/sk\/wp-json\/wp\/v2\/types\/page"}],"author":[{"embeddable":true,"href":"https:\/\/telemon.care\/sk\/wp-json\/wp\/v2\/users\/1"}],"replies":[{"embeddable":true,"href":"https:\/\/telemon.care\/sk\/wp-json\/wp\/v2\/comments?post=236"}],"version-history":[{"count":15,"href":"https:\/\/telemon.care\/sk\/wp-json\/wp\/v2\/pages\/236\/revisions"}],"predecessor-version":[{"id":1516,"href":"https:\/\/telemon.care\/sk\/wp-json\/wp\/v2\/pages\/236\/revisions\/1516"}],"wp:attachment":[{"href":"https:\/\/telemon.care\/sk\/wp-json\/wp\/v2\/media?parent=236"}],"curies":[{"name":"wp","href":"https:\/\/api.w.org\/{rel}","templated":true}]}}