{"id":245,"date":"2024-07-19T09:53:20","date_gmt":"2024-07-19T07:53:20","guid":{"rendered":"https:\/\/telemon.care\/studies\/"},"modified":"2024-09-02T13:36:13","modified_gmt":"2024-09-02T11:36:13","slug":"studie","status":"publish","type":"page","link":"https:\/\/telemon.care\/sk\/studie\/","title":{"rendered":"\u0160t\u00fadie"},"content":{"rendered":"","protected":false},"excerpt":{"rendered":"<p>Tieto \u010dl\u00e1nky poskytuj\u00fa s\u00fahrn vedeck\u00fdch d\u00f4kazov o vplyve RMT pou\u017e\u00edvan\u00e9ho u pacientov so srdcov\u00fdmi ochoreniami. Uv\u00e1dzaj\u00fa podrobnosti o type \u0161t\u00fadie, autoroch alebo sponzoroch \u0161t\u00fadie, d\u00e1tume za\u010diatku a konca, o zameran\u00ed \u0161t\u00fadie &#8211; anal\u00fdze n\u00e1kladov a pr\u00ednosov, klinickej \u0161t\u00fadii at\u010f., o v\u00fdsledkoch a odkaze na webov\u00fa str\u00e1nku v\u00fdskumnej organiz\u00e1cie alebo na samotn\u00fa \u0161t\u00fadiu.<\/p>\n","protected":false},"author":1,"featured_media":0,"parent":0,"menu_order":0,"comment_status":"closed","ping_status":"closed","template":"page-studies.php","meta":{"_acf_changed":false,"footnotes":""},"class_list":["post-245","page","type-page","status-publish","hentry"],"acf":[],"yoast_head":"<!-- This site is optimized with the Yoast SEO plugin v27.4 - https:\/\/yoast.com\/product\/yoast-seo-wordpress\/ -->\n<title>\u0160t\u00fadie - Telemon<\/title>\n<meta name=\"robots\" content=\"index, follow, max-snippet:-1, max-image-preview:large, max-video-preview:-1\" \/>\n<link rel=\"canonical\" href=\"https:\/\/telemon.care\/sk\/studie\/\" \/>\n<meta property=\"og:locale\" content=\"sk_SK\" \/>\n<meta property=\"og:type\" content=\"article\" \/>\n<meta property=\"og:title\" content=\"\u0160t\u00fadie - Telemon\" \/>\n<meta property=\"og:description\" content=\"Tieto \u010dl\u00e1nky poskytuj\u00fa s\u00fahrn vedeck\u00fdch d\u00f4kazov o vplyve RMT pou\u017e\u00edvan\u00e9ho u pacientov so srdcov\u00fdmi ochoreniami. Uv\u00e1dzaj\u00fa podrobnosti o type \u0161t\u00fadie, autoroch alebo sponzoroch \u0161t\u00fadie, d\u00e1tume za\u010diatku a konca, o zameran\u00ed \u0161t\u00fadie - anal\u00fdze n\u00e1kladov a pr\u00ednosov, klinickej \u0161t\u00fadii at\u010f., o v\u00fdsledkoch a odkaze na webov\u00fa str\u00e1nku v\u00fdskumnej organiz\u00e1cie alebo na samotn\u00fa \u0161t\u00fadiu.\" \/>\n<meta property=\"og:url\" content=\"https:\/\/telemon.care\/sk\/studie\/\" \/>\n<meta property=\"og:site_name\" content=\"Telemon\" \/>\n<meta property=\"article:modified_time\" content=\"2024-09-02T11:36:13+00:00\" \/>\n<meta name=\"twitter:card\" content=\"summary_large_image\" \/>\n<script type=\"application\/ld+json\" class=\"yoast-schema-graph\">{\"@context\":\"https:\\\/\\\/schema.org\",\"@graph\":[{\"@type\":\"WebPage\",\"@id\":\"https:\\\/\\\/telemon.care\\\/sk\\\/studie\\\/\",\"url\":\"https:\\\/\\\/telemon.care\\\/sk\\\/studie\\\/\",\"name\":\"\u0160t\u00fadie - Telemon\",\"isPartOf\":{\"@id\":\"https:\\\/\\\/telemon.care\\\/sk\\\/#website\"},\"datePublished\":\"2024-07-19T07:53:20+00:00\",\"dateModified\":\"2024-09-02T11:36:13+00:00\",\"breadcrumb\":{\"@id\":\"https:\\\/\\\/telemon.care\\\/sk\\\/studie\\\/#breadcrumb\"},\"inLanguage\":\"sk-SK\",\"potentialAction\":[{\"@type\":\"ReadAction\",\"target\":[\"https:\\\/\\\/telemon.care\\\/sk\\\/studie\\\/\"]}]},{\"@type\":\"BreadcrumbList\",\"@id\":\"https:\\\/\\\/telemon.care\\\/sk\\\/studie\\\/#breadcrumb\",\"itemListElement\":[{\"@type\":\"ListItem\",\"position\":1,\"name\":\"Domovsk\u00e1 str\u00e1nka\",\"item\":\"https:\\\/\\\/telemon.care\\\/sk\\\/\"},{\"@type\":\"ListItem\",\"position\":2,\"name\":\"\u0160t\u00fadie\"}]},{\"@type\":\"WebSite\",\"@id\":\"https:\\\/\\\/telemon.care\\\/sk\\\/#website\",\"url\":\"https:\\\/\\\/telemon.care\\\/sk\\\/\",\"name\":\"Telemon\",\"description\":\"\",\"potentialAction\":[{\"@type\":\"SearchAction\",\"target\":{\"@type\":\"EntryPoint\",\"urlTemplate\":\"https:\\\/\\\/telemon.care\\\/sk\\\/?s={search_term_string}\"},\"query-input\":{\"@type\":\"PropertyValueSpecification\",\"valueRequired\":true,\"valueName\":\"search_term_string\"}}],\"inLanguage\":\"sk-SK\"}]}<\/script>\n<!-- \/ Yoast SEO plugin. -->","yoast_head_json":{"title":"\u0160t\u00fadie - Telemon","robots":{"index":"index","follow":"follow","max-snippet":"max-snippet:-1","max-image-preview":"max-image-preview:large","max-video-preview":"max-video-preview:-1"},"canonical":"https:\/\/telemon.care\/sk\/studie\/","og_locale":"sk_SK","og_type":"article","og_title":"\u0160t\u00fadie - Telemon","og_description":"Tieto \u010dl\u00e1nky poskytuj\u00fa s\u00fahrn vedeck\u00fdch d\u00f4kazov o vplyve RMT pou\u017e\u00edvan\u00e9ho u pacientov so srdcov\u00fdmi ochoreniami. Uv\u00e1dzaj\u00fa podrobnosti o type \u0161t\u00fadie, autoroch alebo sponzoroch \u0161t\u00fadie, d\u00e1tume za\u010diatku a konca, o zameran\u00ed \u0161t\u00fadie - anal\u00fdze n\u00e1kladov a pr\u00ednosov, klinickej \u0161t\u00fadii at\u010f., o v\u00fdsledkoch a odkaze na webov\u00fa str\u00e1nku v\u00fdskumnej organiz\u00e1cie alebo na samotn\u00fa \u0161t\u00fadiu.","og_url":"https:\/\/telemon.care\/sk\/studie\/","og_site_name":"Telemon","article_modified_time":"2024-09-02T11:36:13+00:00","twitter_card":"summary_large_image","schema":{"@context":"https:\/\/schema.org","@graph":[{"@type":"WebPage","@id":"https:\/\/telemon.care\/sk\/studie\/","url":"https:\/\/telemon.care\/sk\/studie\/","name":"\u0160t\u00fadie - Telemon","isPartOf":{"@id":"https:\/\/telemon.care\/sk\/#website"},"datePublished":"2024-07-19T07:53:20+00:00","dateModified":"2024-09-02T11:36:13+00:00","breadcrumb":{"@id":"https:\/\/telemon.care\/sk\/studie\/#breadcrumb"},"inLanguage":"sk-SK","potentialAction":[{"@type":"ReadAction","target":["https:\/\/telemon.care\/sk\/studie\/"]}]},{"@type":"BreadcrumbList","@id":"https:\/\/telemon.care\/sk\/studie\/#breadcrumb","itemListElement":[{"@type":"ListItem","position":1,"name":"Domovsk\u00e1 str\u00e1nka","item":"https:\/\/telemon.care\/sk\/"},{"@type":"ListItem","position":2,"name":"\u0160t\u00fadie"}]},{"@type":"WebSite","@id":"https:\/\/telemon.care\/sk\/#website","url":"https:\/\/telemon.care\/sk\/","name":"Telemon","description":"","potentialAction":[{"@type":"SearchAction","target":{"@type":"EntryPoint","urlTemplate":"https:\/\/telemon.care\/sk\/?s={search_term_string}"},"query-input":{"@type":"PropertyValueSpecification","valueRequired":true,"valueName":"search_term_string"}}],"inLanguage":"sk-SK"}]}},"_links":{"self":[{"href":"https:\/\/telemon.care\/sk\/wp-json\/wp\/v2\/pages\/245","targetHints":{"allow":["GET"]}}],"collection":[{"href":"https:\/\/telemon.care\/sk\/wp-json\/wp\/v2\/pages"}],"about":[{"href":"https:\/\/telemon.care\/sk\/wp-json\/wp\/v2\/types\/page"}],"author":[{"embeddable":true,"href":"https:\/\/telemon.care\/sk\/wp-json\/wp\/v2\/users\/1"}],"replies":[{"embeddable":true,"href":"https:\/\/telemon.care\/sk\/wp-json\/wp\/v2\/comments?post=245"}],"version-history":[{"count":2,"href":"https:\/\/telemon.care\/sk\/wp-json\/wp\/v2\/pages\/245\/revisions"}],"predecessor-version":[{"id":445,"href":"https:\/\/telemon.care\/sk\/wp-json\/wp\/v2\/pages\/245\/revisions\/445"}],"wp:attachment":[{"href":"https:\/\/telemon.care\/sk\/wp-json\/wp\/v2\/media?parent=245"}],"curies":[{"name":"wp","href":"https:\/\/api.w.org\/{rel}","templated":true}]}}