{"id":637,"date":"2024-08-07T10:13:48","date_gmt":"2024-08-07T08:13:48","guid":{"rendered":"https:\/\/telemon.care\/deleting-account\/"},"modified":"2026-04-17T17:25:32","modified_gmt":"2026-04-17T15:25:32","slug":"poziadavka-ohladne-spracovania-osobnych-udajov","status":"publish","type":"page","link":"https:\/\/telemon.care\/sk\/poziadavka-ohladne-spracovania-osobnych-udajov\/","title":{"rendered":"Po\u017eiadavka oh\u013eadne spracovania osobn\u00fdch \u00fadajov"},"content":{"rendered":"","protected":false},"excerpt":{"rendered":"","protected":false},"author":1,"featured_media":0,"parent":0,"menu_order":0,"comment_status":"closed","ping_status":"closed","template":"","meta":{"_acf_changed":false,"footnotes":""},"class_list":["post-637","page","type-page","status-publish","hentry"],"acf":[],"yoast_head":"<!-- This site is optimized with the Yoast SEO plugin v27.4 - https:\/\/yoast.com\/product\/yoast-seo-wordpress\/ -->\n<title>Po\u017eiadavka oh\u013eadne spracovania osobn\u00fdch \u00fadajov - Telemon<\/title>\n<meta name=\"robots\" content=\"index, follow, max-snippet:-1, max-image-preview:large, max-video-preview:-1\" \/>\n<link rel=\"canonical\" href=\"https:\/\/telemon.care\/sk\/poziadavka-ohladne-spracovania-osobnych-udajov\/\" \/>\n<meta property=\"og:locale\" content=\"sk_SK\" \/>\n<meta property=\"og:type\" content=\"article\" \/>\n<meta property=\"og:title\" content=\"Po\u017eiadavka oh\u013eadne spracovania osobn\u00fdch \u00fadajov - Telemon\" \/>\n<meta property=\"og:url\" content=\"https:\/\/telemon.care\/sk\/poziadavka-ohladne-spracovania-osobnych-udajov\/\" \/>\n<meta property=\"og:site_name\" content=\"Telemon\" \/>\n<meta property=\"article:modified_time\" content=\"2026-04-17T15:25:32+00:00\" \/>\n<meta name=\"twitter:card\" content=\"summary_large_image\" \/>\n<script type=\"application\/ld+json\" class=\"yoast-schema-graph\">{\"@context\":\"https:\\\/\\\/schema.org\",\"@graph\":[{\"@type\":\"WebPage\",\"@id\":\"https:\\\/\\\/telemon.care\\\/sk\\\/poziadavka-ohladne-spracovania-osobnych-udajov\\\/\",\"url\":\"https:\\\/\\\/telemon.care\\\/sk\\\/poziadavka-ohladne-spracovania-osobnych-udajov\\\/\",\"name\":\"Po\u017eiadavka oh\u013eadne spracovania osobn\u00fdch \u00fadajov - Telemon\",\"isPartOf\":{\"@id\":\"https:\\\/\\\/telemon.care\\\/sk\\\/#website\"},\"datePublished\":\"2024-08-07T08:13:48+00:00\",\"dateModified\":\"2026-04-17T15:25:32+00:00\",\"breadcrumb\":{\"@id\":\"https:\\\/\\\/telemon.care\\\/sk\\\/poziadavka-ohladne-spracovania-osobnych-udajov\\\/#breadcrumb\"},\"inLanguage\":\"sk-SK\",\"potentialAction\":[{\"@type\":\"ReadAction\",\"target\":[\"https:\\\/\\\/telemon.care\\\/sk\\\/poziadavka-ohladne-spracovania-osobnych-udajov\\\/\"]}]},{\"@type\":\"BreadcrumbList\",\"@id\":\"https:\\\/\\\/telemon.care\\\/sk\\\/poziadavka-ohladne-spracovania-osobnych-udajov\\\/#breadcrumb\",\"itemListElement\":[{\"@type\":\"ListItem\",\"position\":1,\"name\":\"Domovsk\u00e1 str\u00e1nka\",\"item\":\"https:\\\/\\\/telemon.care\\\/sk\\\/\"},{\"@type\":\"ListItem\",\"position\":2,\"name\":\"Po\u017eiadavka oh\u013eadne spracovania osobn\u00fdch \u00fadajov\"}]},{\"@type\":\"WebSite\",\"@id\":\"https:\\\/\\\/telemon.care\\\/sk\\\/#website\",\"url\":\"https:\\\/\\\/telemon.care\\\/sk\\\/\",\"name\":\"Telemon\",\"description\":\"\",\"potentialAction\":[{\"@type\":\"SearchAction\",\"target\":{\"@type\":\"EntryPoint\",\"urlTemplate\":\"https:\\\/\\\/telemon.care\\\/sk\\\/?s={search_term_string}\"},\"query-input\":{\"@type\":\"PropertyValueSpecification\",\"valueRequired\":true,\"valueName\":\"search_term_string\"}}],\"inLanguage\":\"sk-SK\"}]}<\/script>\n<!-- \/ Yoast SEO plugin. -->","yoast_head_json":{"title":"Po\u017eiadavka oh\u013eadne spracovania osobn\u00fdch \u00fadajov - Telemon","robots":{"index":"index","follow":"follow","max-snippet":"max-snippet:-1","max-image-preview":"max-image-preview:large","max-video-preview":"max-video-preview:-1"},"canonical":"https:\/\/telemon.care\/sk\/poziadavka-ohladne-spracovania-osobnych-udajov\/","og_locale":"sk_SK","og_type":"article","og_title":"Po\u017eiadavka oh\u013eadne spracovania osobn\u00fdch \u00fadajov - Telemon","og_url":"https:\/\/telemon.care\/sk\/poziadavka-ohladne-spracovania-osobnych-udajov\/","og_site_name":"Telemon","article_modified_time":"2026-04-17T15:25:32+00:00","twitter_card":"summary_large_image","schema":{"@context":"https:\/\/schema.org","@graph":[{"@type":"WebPage","@id":"https:\/\/telemon.care\/sk\/poziadavka-ohladne-spracovania-osobnych-udajov\/","url":"https:\/\/telemon.care\/sk\/poziadavka-ohladne-spracovania-osobnych-udajov\/","name":"Po\u017eiadavka oh\u013eadne spracovania osobn\u00fdch \u00fadajov - Telemon","isPartOf":{"@id":"https:\/\/telemon.care\/sk\/#website"},"datePublished":"2024-08-07T08:13:48+00:00","dateModified":"2026-04-17T15:25:32+00:00","breadcrumb":{"@id":"https:\/\/telemon.care\/sk\/poziadavka-ohladne-spracovania-osobnych-udajov\/#breadcrumb"},"inLanguage":"sk-SK","potentialAction":[{"@type":"ReadAction","target":["https:\/\/telemon.care\/sk\/poziadavka-ohladne-spracovania-osobnych-udajov\/"]}]},{"@type":"BreadcrumbList","@id":"https:\/\/telemon.care\/sk\/poziadavka-ohladne-spracovania-osobnych-udajov\/#breadcrumb","itemListElement":[{"@type":"ListItem","position":1,"name":"Domovsk\u00e1 str\u00e1nka","item":"https:\/\/telemon.care\/sk\/"},{"@type":"ListItem","position":2,"name":"Po\u017eiadavka oh\u013eadne spracovania osobn\u00fdch \u00fadajov"}]},{"@type":"WebSite","@id":"https:\/\/telemon.care\/sk\/#website","url":"https:\/\/telemon.care\/sk\/","name":"Telemon","description":"","potentialAction":[{"@type":"SearchAction","target":{"@type":"EntryPoint","urlTemplate":"https:\/\/telemon.care\/sk\/?s={search_term_string}"},"query-input":{"@type":"PropertyValueSpecification","valueRequired":true,"valueName":"search_term_string"}}],"inLanguage":"sk-SK"}]}},"_links":{"self":[{"href":"https:\/\/telemon.care\/sk\/wp-json\/wp\/v2\/pages\/637","targetHints":{"allow":["GET"]}}],"collection":[{"href":"https:\/\/telemon.care\/sk\/wp-json\/wp\/v2\/pages"}],"about":[{"href":"https:\/\/telemon.care\/sk\/wp-json\/wp\/v2\/types\/page"}],"author":[{"embeddable":true,"href":"https:\/\/telemon.care\/sk\/wp-json\/wp\/v2\/users\/1"}],"replies":[{"embeddable":true,"href":"https:\/\/telemon.care\/sk\/wp-json\/wp\/v2\/comments?post=637"}],"version-history":[{"count":8,"href":"https:\/\/telemon.care\/sk\/wp-json\/wp\/v2\/pages\/637\/revisions"}],"predecessor-version":[{"id":1863,"href":"https:\/\/telemon.care\/sk\/wp-json\/wp\/v2\/pages\/637\/revisions\/1863"}],"wp:attachment":[{"href":"https:\/\/telemon.care\/sk\/wp-json\/wp\/v2\/media?parent=637"}],"curies":[{"name":"wp","href":"https:\/\/api.w.org\/{rel}","templated":true}]}}